{"id":44,"date":"2018-08-20T15:45:33","date_gmt":"2018-08-20T15:45:33","guid":{"rendered":"http:\/\/ramenjun.de\/?page_id=44"},"modified":"2020-06-19T09:21:01","modified_gmt":"2020-06-19T09:21:01","slug":"imprint","status":"publish","type":"page","link":"https:\/\/www.ramen-jun-intl.com\/EN\/imprint\/","title":{"rendered":"Imprint"},"content":{"rendered":"<h6 class=\"western\"><strong>Stra\u00dfe:<\/strong><br \/>\nWilhelm-Hauff-Str. 10<\/h6>\n<h6><\/h6>\n<h6 class=\"western\"><strong>PLZ und Ort:<\/strong><br \/>\n60325 Frankfurt<\/h6>\n<h6><\/h6>\n<h6 class=\"western\"><strong>Land:<\/strong><br \/>\nDeutschland<\/h6>\n<h6><\/h6>\n<h6 class=\"western\"><strong>Name des Gesch\u00e4ftsf\u00fchrer:<\/strong><br \/>\nAyumi Ikeda<\/h6>\n<h6><\/h6>\n<h6 class=\"western\"><strong>Telefon:<\/strong><br \/>\n+49 69 13387659<\/h6>\n<h6><\/h6>\n<h6 class=\"western\"><strong>E-Mail:<\/strong><br \/>\ninfo@ramen-jun-intl.com<\/h6>\n<h6><\/h6>\n<h6 class=\"western\"><strong>Umsatzsteuer-Identifikationsnummer gem. \u00a7 27a UStG:<\/strong><br \/>\n04724206214<\/h6>\n","protected":false},"excerpt":{"rendered":"<p>Stra\u00dfe: Wilhelm-Hauff-Str. 10 PLZ und Ort: 60325 Frankfurt Land: Deutschland Name des Gesch\u00e4ftsf\u00fchrer: Ayumi Ikeda Telefon: +49 69 13387659 E-Mail: info@ramen-jun-intl.com Umsatzsteuer-Identifikationsnummer gem. \u00a7 27a UStG: 04724206214<\/p>\n","protected":false},"author":1,"featured_media":0,"parent":0,"menu_order":0,"comment_status":"closed","ping_status":"closed","template":"","meta":{"footnotes":""},"_links":{"self":[{"href":"https:\/\/www.ramen-jun-intl.com\/EN\/wp-json\/wp\/v2\/pages\/44"}],"collection":[{"href":"https:\/\/www.ramen-jun-intl.com\/EN\/wp-json\/wp\/v2\/pages"}],"about":[{"href":"https:\/\/www.ramen-jun-intl.com\/EN\/wp-json\/wp\/v2\/types\/page"}],"author":[{"embeddable":true,"href":"https:\/\/www.ramen-jun-intl.com\/EN\/wp-json\/wp\/v2\/users\/1"}],"replies":[{"embeddable":true,"href":"https:\/\/www.ramen-jun-intl.com\/EN\/wp-json\/wp\/v2\/comments?post=44"}],"version-history":[{"count":6,"href":"https:\/\/www.ramen-jun-intl.com\/EN\/wp-json\/wp\/v2\/pages\/44\/revisions"}],"predecessor-version":[{"id":1498,"href":"https:\/\/www.ramen-jun-intl.com\/EN\/wp-json\/wp\/v2\/pages\/44\/revisions\/1498"}],"wp:attachment":[{"href":"https:\/\/www.ramen-jun-intl.com\/EN\/wp-json\/wp\/v2\/media?parent=44"}],"curies":[{"name":"wp","href":"https:\/\/api.w.org\/{rel}","templated":true}]}}